{"id":6412,"date":"2025-12-05T16:45:51","date_gmt":"2025-12-05T13:45:51","guid":{"rendered":"https:\/\/www.kimlikmakina.com\/?post_type=product&#038;p=6412"},"modified":"2026-04-11T10:45:22","modified_gmt":"2026-04-11T07:45:22","slug":"10-150ml-dikey-tekli-mini-masaustu-sivi-dolum-makinasi-2","status":"publish","type":"product","link":"https:\/\/www.kimlikmakina.com\/en\/product\/10-150ml-dikey-tekli-mini-masaustu-sivi-dolum-makinasi-2\/","title":{"rendered":"10-150ml Dikey Tekli Mini Masa\u00fcst\u00fc S\u0131v\u0131 Dolum Makinas\u0131"},"content":{"rendered":"<div data-elementor-type=\"wp-post\" data-elementor-id=\"6412\" class=\"elementor elementor-6412\">\n\t\t\t\t<div class=\"elementor-element elementor-element-11c2cc0c e-flex e-con-boxed e-con e-parent\" data-id=\"11c2cc0c\" data-element_type=\"container\" data-e-type=\"container\">\n\t\t\t\t\t<div class=\"e-con-inner\">\n\t\t\t\t<div class=\"elementor-element elementor-element-7af4b562 elementor-widget elementor-widget-text-editor\" data-id=\"7af4b562\" data-element_type=\"widget\" data-e-type=\"widget\" data-widget_type=\"text-editor.default\">\n\t\t\t\t<div class=\"elementor-widget-container\">\n\t\t\t\t\t\t\t\t\t<h5><strong>Vertical Single Liquid Filling Machine<\/strong><\/h5><p><strong>Single Series<\/strong>\u00a0Single liquid filling systems are designed to fill liquid products quickly and precisely. These machines used for packaging products ensure that the liquid filling process is carried out easily, quickly and efficiently.<\/p><p>The technical features of our single liquid filling machines are as follows:<\/p><ul><li><strong>Filling Capacity:<\/strong>\u00a0Our machines have an average filling capacity of 10-30 bottles per minute.<\/li><li><strong>Filling Range:<\/strong> Our liquid filling machines are machine models that can fill between 5ml and 5000ml.<\/li><li><strong>Dosage Adjustment:<\/strong>\u00a0The dosage adjustment of our machines is carried out with a piston system that can be adjusted precisely. In this way, the correct amount of your products is filled without unnecessary loss during the filling process.<\/li><li><strong>Material:<\/strong>\u00a0The frame of our machines is made of stainless steel. This feature ensures that the machine is used in a hygienic environment and at the same time increases its durability.<\/li><li><strong>Automatic Filling:<\/strong>\u00a0Our liquid filling machines work with automatic filling feature. This feature allows the machine to complete the filling automatically and helps operators save time.<\/li><li><strong>Easy to Clean:<\/strong>\u00a0The design of our machines has a structure that can be easily cleaned. This feature ensures that the machine is used hygienically, while also saving time and cost in cleaning operations of businesses.<\/li><\/ul><p><strong>Single Series<\/strong>\u00a0Single liquid filling systems are designed to fill your liquid products quickly, precisely and hygienically. Thanks to our advanced technology and high-quality materials, your products are filled in the right amount while reducing the workload of operators. In this way, efficiency in your business increases and your products reach customers in a shorter time.<\/p><h4>Provided to You in the Shortest Time\u00a0<strong>\u201cProblem-free\u201d<\/strong>,\u00a0<strong>\"Silent\"<\/strong>\u00a0ve\u00a0<strong>\u201cSerial\u201d Single Series<\/strong>\u00a0Dolum Sistemleri Kendini Amorti Eder ve M\u00fc\u015fteri Memnuniyeti Garantisiyle Zaman\u0131nda Servis ve Teknik Deste\u011fiyle G\u00fcc\u00fcn\u00fcze G\u00fc\u00e7 Katar.<\/h4><p><iframe title=\"5 Ml - Eyeliner Dolum Makinas\u0131 SF-DTM150 | Saruhan\" width=\"563\" height=\"1000\" src=\"https:\/\/www.youtube.com\/embed\/eZVOnr2n5i0?feature=oembed\" frameborder=\"0\" allow=\"accelerometer; autoplay; clipboard-write; encrypted-media; gyroscope; picture-in-picture; web-share\" referrerpolicy=\"strict-origin-when-cross-origin\" allowfullscreen><\/iframe><\/p>\t\t\t\t\t\t\t\t<\/div>\n\t\t\t\t<\/div>\n\t\t\t\t\t<\/div>\n\t\t\t\t<\/div>\n\t\t<div class=\"elementor-element elementor-element-67d0e32 e-flex e-con-boxed e-con e-parent\" data-id=\"67d0e32\" data-element_type=\"container\" data-e-type=\"container\">\n\t\t\t\t\t<div class=\"e-con-inner\">\n\t\t\t\t<div class=\"elementor-element elementor-element-428f01e elementor-widget elementor-widget-button\" data-id=\"428f01e\" data-element_type=\"widget\" data-e-type=\"widget\" data-widget_type=\"button.default\">\n\t\t\t\t<div class=\"elementor-widget-container\">\n\t\t\t\t\t\t\t\t\t<div class=\"elementor-button-wrapper\">\n\t\t\t\t\t<a class=\"elementor-button elementor-button-link elementor-size-sm\" href=\"#\">\n\t\t\t\t\t\t<span class=\"elementor-button-content-wrapper\">\n\t\t\t\t\t\t\t\t\t<span class=\"elementor-button-text\">Buraya t\u0131kla<\/span>\n\t\t\t\t\t<\/span>\n\t\t\t\t\t<\/a>\n\t\t\t\t<\/div>\n\t\t\t\t\t\t\t\t<\/div>\n\t\t\t\t<\/div>\n\t\t\t\t\t<\/div>\n\t\t\t\t<\/div>\n\t\t\t\t<\/div>","protected":false},"excerpt":{"rendered":"<p><strong>Vertical Single Liquid Filling Machine<\/strong><br \/><strong>Single Series<\/strong>\u00a0Single liquid filling systems are designed to fill liquid products quickly and precisely. These machines used for packaging products ensure that the liquid filling process is carried out easily, quickly and efficiently.<\/p>","protected":false},"featured_media":6327,"template":"","meta":{"_eb_attr":"","_kadence_starter_templates_imported_post":false,"_kad_post_transparent":"","_kad_post_title":"","_kad_post_layout":"","_kad_post_sidebar_id":"","_kad_post_content_style":"","_kad_post_vertical_padding":"","_kad_post_feature":"","_kad_post_feature_position":"","_kad_post_header":false,"_kad_post_footer":false,"_kad_post_classname":""},"product_brand":[823],"product_cat":[277,273,15],"product_tag":[1106,1107,1108,1109,1110,1111,1112,1113,1114,1115,807,1116,1117,1118,1119,1120,1121,1122,1123,1124,1125,1126,1127,1128,1129,1130,1131,1132,1133,1134,1135,1136,1137,1138,1139,1140,1141,1142,1143,638,1144,1145,1146,1147,1148],"class_list":{"0":"post-6412","1":"product","2":"type-product","3":"status-publish","4":"has-post-thumbnail","6":"product_brand-srhn","7":"product_cat-kozmetik-kimya-proses-makinalari","8":"product_cat-sivi-dolum-kapatma-ve-etiketleme","9":"product_cat-tum-urunler","10":"product_tag-3s-dolum","11":"product_tag-4lu-dolum","12":"product_tag-50ml1000mldolummakinesi","13":"product_tag-6li-dolum","14":"product_tag-alkol-dolum-makinasi","15":"product_tag-antifriz-dolum","16":"product_tag-antifriz-dolum-makinasi","17":"product_tag-asperox-dolum-makinasi","18":"product_tag-ayarlanabilirhacimlidolum","19":"product_tag-aycicek-yagi-dolum-makinasi","20":"product_tag-bal-dolum-makinasi","21":"product_tag-bebe-sampuani-dolum-makinasi","22":"product_tag-boryagli-motor-katkisi-dolum-makinasi","23":"product_tag-boya-dolum-makinasi","24":"product_tag-cam-suyu-dolum","25":"product_tag-ciftlidolummakinasi","26":"product_tag-ciftnozulludolummakinesi","27":"product_tag-coklu-dolum","28":"product_tag-dikeydolummakinesi","29":"product_tag-dikeyvolumetrikdolum","30":"product_tag-dis-macunu-dolum","31":"product_tag-dolum-makinasi","32":"product_tag-dolum-sistemleri","33":"product_tag-endustriyeldoldurmamakinasi","34":"product_tag-endustriyeldolumsistemi","35":"product_tag-firinboyalisase","36":"product_tag-firinboyaligovde","37":"product_tag-gidauyumludolummakinesi","38":"product_tag-hassas-dolum","39":"product_tag-hassasdolummakinasi","40":"product_tag-jel-dolum-makinasi","41":"product_tag-jeldolum","42":"product_tag-kompaktdolummakinasi","43":"product_tag-krem-dolum","44":"product_tag-macun-dolum","45":"product_tag-otomatikdolumsistemi","46":"product_tag-paslanmazdolummakinasi","47":"product_tag-sampuan-dolum","48":"product_tag-sisedolummakinesi","49":"product_tag-sivi-dolum","50":"product_tag-sividolumekipmani","51":"product_tag-sividolummakinasi","52":"product_tag-tekli-dolum-makinasi","53":"product_tag-volumetrikdolummakinasi","54":"product_tag-yariotomatikdolummakinesi","56":"first","57":"onbackorder","58":"featured","59":"taxable","60":"shipping-taxable","61":"purchasable","62":"product-type-simple","63":"entry","64":"content-bg","65":"loop-entry"},"_links":{"self":[{"href":"https:\/\/www.kimlikmakina.com\/en\/wp-json\/wp\/v2\/product\/6412","targetHints":{"allow":["GET"]}}],"collection":[{"href":"https:\/\/www.kimlikmakina.com\/en\/wp-json\/wp\/v2\/product"}],"about":[{"href":"https:\/\/www.kimlikmakina.com\/en\/wp-json\/wp\/v2\/types\/product"}],"version-history":[{"count":4,"href":"https:\/\/www.kimlikmakina.com\/en\/wp-json\/wp\/v2\/product\/6412\/revisions"}],"predecessor-version":[{"id":6418,"href":"https:\/\/www.kimlikmakina.com\/en\/wp-json\/wp\/v2\/product\/6412\/revisions\/6418"}],"wp:featuredmedia":[{"embeddable":true,"href":"https:\/\/www.kimlikmakina.com\/en\/wp-json\/wp\/v2\/media\/6327"}],"wp:attachment":[{"href":"https:\/\/www.kimlikmakina.com\/en\/wp-json\/wp\/v2\/media?parent=6412"}],"wp:term":[{"taxonomy":"product_brand","embeddable":true,"href":"https:\/\/www.kimlikmakina.com\/en\/wp-json\/wp\/v2\/product_brand?post=6412"},{"taxonomy":"product_cat","embeddable":true,"href":"https:\/\/www.kimlikmakina.com\/en\/wp-json\/wp\/v2\/product_cat?post=6412"},{"taxonomy":"product_tag","embeddable":true,"href":"https:\/\/www.kimlikmakina.com\/en\/wp-json\/wp\/v2\/product_tag?post=6412"}],"curies":[{"name":"wp","href":"https:\/\/api.w.org\/{rel}","templated":true}]}}