{"id":6384,"date":"2025-12-05T16:22:32","date_gmt":"2025-12-05T13:22:32","guid":{"rendered":"https:\/\/www.kimlikmakina.com\/?post_type=product&#038;p=6384"},"modified":"2026-04-11T10:46:10","modified_gmt":"2026-04-11T07:46:10","slug":"yatay-tekli-sivi-dolum-makinasi","status":"publish","type":"product","link":"https:\/\/www.kimlikmakina.com\/en\/product\/yatay-tekli-sivi-dolum-makinasi\/","title":{"rendered":"Yatay Tekli S\u0131v\u0131 Dolum Makinas\u0131"},"content":{"rendered":"<p><strong>Yatay Tekli S\u0131v\u0131 Dolum Makinas\u0131<\/strong><br \/><strong>Single Series<\/strong>\u00a0Single liquid filling systems are designed to fill liquid products quickly and precisely. These machines used for packaging products ensure that the liquid filling process is carried out easily, quickly and efficiently.<br \/>The technical features of our single liquid filling machines are as follows:<br \/><strong>Filling Capacity:<\/strong>\u00a0Our machines have an average filling capacity of 10-30 bottles per minute.<br \/><strong>Filling Range:<\/strong>\u00a0Our liquid filling machines can fill from 10ml to 1000ml.<br \/><strong>Dosage Adjustment:<\/strong>\u00a0The dosage adjustment of our machines is carried out with a piston system that can be adjusted precisely. In this way, the correct amount of your products is filled without unnecessary loss during the filling process.<br \/><strong>Material:<\/strong>\u00a0The frame of our machines is made of stainless steel. This feature ensures that the machine is used in a hygienic environment and at the same time increases its durability.<br \/><strong>Automatic Filling:<\/strong>\u00a0Our liquid filling machines work with automatic filling feature. This feature allows the machine to complete the filling automatically and helps operators save time.<br \/><strong>Easy to Clean:<\/strong>\u00a0The design of our machines has a structure that can be easily cleaned. This feature ensures that the machine is used hygienically, while also saving time and cost in cleaning operations of businesses.<br \/><strong>Yatay Tekli S\u0131v\u0131 Dolum Makinas\u0131 Single Serisi<\/strong>\u00a0Tekli s\u0131v\u0131 dolum sistemleri, s\u0131v\u0131 \u00fcr\u00fcnlerinizi h\u0131zl\u0131, hassas ve hijyenik bir \u015fekilde doldurman\u0131z i\u00e7in tasarlanm\u0131\u015ft\u0131r. Geli\u015fmi\u015f teknolojimiz ve y\u00fcksek kaliteli malzemelerimiz sayesinde, \u00fcr\u00fcnlerinizin do\u011fru miktarda dolumu yap\u0131l\u0131rken, operat\u00f6rlerin i\u015f y\u00fck\u00fc de azalt\u0131l\u0131r. Bu sayede, i\u015fletmenizde verimlilik artar ve \u00fcr\u00fcnleriniz daha k\u0131sa s\u00fcrede m\u00fc\u015fterilere ula\u015f\u0131r<br \/>Bu m\u00fckemmel makine, \u00e7e\u015fitli s\u0131v\u0131 \u00fcr\u00fcnleri, \u00f6zellikle g\u0131da, kozmetik, ila\u00e7 ve kimya end\u00fcstrilerinde kullan\u0131lan \u00fcr\u00fcnleri dolum i\u015fleminde kullan\u0131labilir. Y\u00fcksek hassasiyetli \u00f6l\u00e7\u00fcm sistemi sayesinde, do\u011fru miktarlarda dolum yap\u0131labilir ve \u00fcr\u00fcn kalitesi maksimum seviyede sa\u011flan\u0131r.<br \/>Ayr\u0131ca, kolay ayarlanabilen ve kontrol edilebilen h\u0131z \u00f6zelli\u011fi sayesinde, \u00fcretim h\u0131z\u0131n\u0131 istedi\u011finiz seviyeye ayarlayabilirsiniz. Bu \u00f6zellik, \u00fcretim verimlili\u011finizi art\u0131rarak maliyetlerinizi d\u00fc\u015f\u00fcrmenize yard\u0131mc\u0131 olur.<br \/>\u00a0<\/p>","protected":false},"excerpt":{"rendered":"<p><strong>Tekli s\u0131v\u0131 dolum makinesi <\/strong>, \u00fcretim s\u00fcrecinde h\u0131z ve do\u011frulu\u011fu bir arada sunarak \u00fcretim verimlili\u011fini art\u0131r\u0131r. Ayr\u0131ca, hafif ve kompakt yap\u0131s\u0131 sayesinde, minimum yer kaplayarak fabrika alan\u0131ndan tasarruf sa\u011flar.<br \/>Bu m\u00fckemmel makine, \u00e7e\u015fitli s\u0131v\u0131 \u00fcr\u00fcnleri, \u00f6zellikle g\u0131da, kozmetik, ila\u00e7 ve kimya end\u00fcstrilerinde kullan\u0131lan \u00fcr\u00fcnleri dolum i\u015fleminde kullan\u0131labilir. Y\u00fcksek hassasiyetli \u00f6l\u00e7\u00fcm sistemi sayesinde, do\u011fru miktarlarda dolum yap\u0131labilir ve \u00fcr\u00fcn kalitesi maksimum seviyede sa\u011flan\u0131r.<\/p>","protected":false},"featured_media":6385,"template":"","meta":{"_eb_attr":"","_kadence_starter_templates_imported_post":false,"_kad_post_transparent":"","_kad_post_title":"","_kad_post_layout":"","_kad_post_sidebar_id":"","_kad_post_content_style":"","_kad_post_vertical_padding":"","_kad_post_feature":"","_kad_post_feature_position":"","_kad_post_header":false,"_kad_post_footer":false,"_kad_post_classname":""},"product_brand":[823],"product_cat":[277,273,15],"product_tag":[1149,1150,1151,1152,1153,1154,1136,1155,1156,1138,1157,1158,1141,1142,1159,1160,638,932,1161,1145,1162,1146,1163,1164,1147,1165,1166,1167,1168,1169,1170],"class_list":{"0":"post-6384","1":"product","2":"type-product","3":"status-publish","4":"has-post-thumbnail","6":"product_brand-srhn","7":"product_cat-kozmetik-kimya-proses-makinalari","8":"product_cat-sivi-dolum-kapatma-ve-etiketleme","9":"product_cat-tum-urunler","10":"product_tag-dolumhattimakinesi","11":"product_tag-endustriyeldolummakinesi","12":"product_tag-gidauyumludolummakinasi","13":"product_tag-hassasdolumsistemi","14":"product_tag-hijyenikdolummakinasi","15":"product_tag-hizli-dolum","16":"product_tag-jeldolum","17":"product_tag-kompaktdolummakinesi","18":"product_tag-kozmetikdolummakinasi","19":"product_tag-krem-dolum","20":"product_tag-krem-uretim-ve-dolum","21":"product_tag-manueldolummakinesi","22":"product_tag-paslanmazdolummakinasi","23":"product_tag-sampuan-dolum","24":"product_tag-sisedolummakinasi","25":"product_tag-sicak-dolum","26":"product_tag-sivi-dolum","27":"product_tag-sivi-dolum-makinasi","28":"product_tag-sividoldurmamakinasi","29":"product_tag-sividolummakinasi","30":"product_tag-tekkafalidolummakinesi","31":"product_tag-tekli-dolum-makinasi","32":"product_tag-teklisividolummakinesi","33":"product_tag-tup-dolum-makinasi","34":"product_tag-volumetrikdolummakinasi","35":"product_tag-yariotomatikdolummakinasi","36":"product_tag-yataydolummakinasi","37":"product_tag-yatayenjektorludolum","38":"product_tag-yataytipdolummakinesi","39":"product_tag-yogun-urun-dolum-makinasi","40":"product_tag-yogunkivamdolummakinasi","42":"first","43":"instock","44":"taxable","45":"shipping-taxable","46":"purchasable","47":"product-type-simple","48":"entry","49":"content-bg","50":"loop-entry"},"_links":{"self":[{"href":"https:\/\/www.kimlikmakina.com\/en\/wp-json\/wp\/v2\/product\/6384","targetHints":{"allow":["GET"]}}],"collection":[{"href":"https:\/\/www.kimlikmakina.com\/en\/wp-json\/wp\/v2\/product"}],"about":[{"href":"https:\/\/www.kimlikmakina.com\/en\/wp-json\/wp\/v2\/types\/product"}],"version-history":[{"count":1,"href":"https:\/\/www.kimlikmakina.com\/en\/wp-json\/wp\/v2\/product\/6384\/revisions"}],"predecessor-version":[{"id":6386,"href":"https:\/\/www.kimlikmakina.com\/en\/wp-json\/wp\/v2\/product\/6384\/revisions\/6386"}],"wp:featuredmedia":[{"embeddable":true,"href":"https:\/\/www.kimlikmakina.com\/en\/wp-json\/wp\/v2\/media\/6385"}],"wp:attachment":[{"href":"https:\/\/www.kimlikmakina.com\/en\/wp-json\/wp\/v2\/media?parent=6384"}],"wp:term":[{"taxonomy":"product_brand","embeddable":true,"href":"https:\/\/www.kimlikmakina.com\/en\/wp-json\/wp\/v2\/product_brand?post=6384"},{"taxonomy":"product_cat","embeddable":true,"href":"https:\/\/www.kimlikmakina.com\/en\/wp-json\/wp\/v2\/product_cat?post=6384"},{"taxonomy":"product_tag","embeddable":true,"href":"https:\/\/www.kimlikmakina.com\/en\/wp-json\/wp\/v2\/product_tag?post=6384"}],"curies":[{"name":"wp","href":"https:\/\/api.w.org\/{rel}","templated":true}]}}