{"id":6375,"date":"2025-12-05T16:18:34","date_gmt":"2025-12-05T13:18:34","guid":{"rendered":"https:\/\/www.kimlikmakina.com\/?post_type=product&#038;p=6375"},"modified":"2026-04-11T10:46:16","modified_gmt":"2026-04-11T07:46:16","slug":"tek-nozullu-volumetrik-sut-dolum-makinesi","status":"publish","type":"product","link":"https:\/\/www.kimlikmakina.com\/en\/product\/tek-nozullu-volumetrik-sut-dolum-makinesi\/","title":{"rendered":"Tek Nozullu Volumetrik S\u00fct Dolum Makinesi"},"content":{"rendered":"<div data-elementor-type=\"wp-post\" data-elementor-id=\"6375\" class=\"elementor elementor-6375\">\n\t\t\t\t<div class=\"elementor-element elementor-element-42c981fd e-flex e-con-boxed e-con e-parent\" data-id=\"42c981fd\" data-element_type=\"container\" data-e-type=\"container\">\n\t\t\t\t\t<div class=\"e-con-inner\">\n\t\t\t\t<div class=\"elementor-element elementor-element-3b51c5e5 elementor-widget elementor-widget-text-editor\" data-id=\"3b51c5e5\" data-element_type=\"widget\" data-e-type=\"widget\" data-widget_type=\"text-editor.default\">\n\t\t\t\t<div class=\"elementor-widget-container\">\n\t\t\t\t\t\t\t\t\t<h4 data-start=\"252\" data-end=\"329\"><strong data-start=\"254\" data-end=\"329\">Tek Nozullu Vol\u00fcmetrik Konvey\u00f6r Bantl\u0131 PLC Kontroll\u00fc S\u00fct Dolum Makinas\u0131<\/strong><\/h4><h4 data-start=\"331\" data-end=\"357\"><strong data-start=\"335\" data-end=\"357\">Technical Specifications:<\/strong><\/h4><ul data-start=\"358\" data-end=\"1413\"><li data-start=\"358\" data-end=\"431\"><p data-start=\"360\" data-end=\"431\"><strong data-start=\"360\" data-end=\"377\">Nozul Say\u0131s\u0131:<\/strong> 1 adet y\u00fcksek hassasiyetli vol\u00fcmetrik dolum nozulu.<\/p><\/li><li data-start=\"432\" data-end=\"544\"><p data-start=\"434\" data-end=\"544\"><strong data-start=\"434\" data-end=\"455\">Filling Capacity:<\/strong> Dakikada ortalama 300 \u2013 600 \u015fi\u015fe (\u015fi\u015fe hacmine ba\u011fl\u0131 olarak de\u011fi\u015fkenlik g\u00f6sterebilir).<\/p><\/li><li data-start=\"545\" data-end=\"638\"><p data-start=\"547\" data-end=\"638\"><strong data-start=\"547\" data-end=\"565\">Filling Range:<\/strong> 100 ml\u2019den 2000 ml\u2019ye kadar farkl\u0131 \u015fi\u015fe ve paket se\u00e7eneklerine uyumlu.<\/p><\/li><li data-start=\"639\" data-end=\"738\"><p data-start=\"641\" data-end=\"738\"><strong data-start=\"641\" data-end=\"659\">Dolum Sistemi:<\/strong> Vol\u00fcmetrik pistonlu sistem ile y\u00fcksek do\u011frulukta, kay\u0131ps\u0131z ve tutarl\u0131 dolum.<\/p><\/li><li data-start=\"739\" data-end=\"852\"><p data-start=\"741\" data-end=\"852\"><strong data-start=\"741\" data-end=\"762\">Konvey\u00f6r Sistemi:<\/strong> G\u0131da standartlar\u0131na uygun paslanmaz \u00e7elikten imal edilmi\u015f, h\u0131z kontroll\u00fc konvey\u00f6r bant.<\/p><\/li><li data-start=\"853\" data-end=\"987\"><p data-start=\"855\" data-end=\"987\"><strong data-start=\"855\" data-end=\"875\">Kontrol \u00dcnitesi:<\/strong> PLC kontroll\u00fc otomasyon sistemi, dolum miktar\u0131, h\u0131z ve \u00e7al\u0131\u015fma parametrelerinin kolayca ayarlanmas\u0131n\u0131 sa\u011flar.<\/p><\/li><li data-start=\"988\" data-end=\"1166\"><p data-start=\"990\" data-end=\"1166\"><strong data-start=\"990\" data-end=\"1011\">Hijyenik Tasar\u0131m:<\/strong> S\u00fct ve s\u00fct \u00fcr\u00fcnleri i\u00e7in uygun, tamamen <strong data-start=\"1052\" data-end=\"1088\">304 kalite paslanmaz \u00e7elik g\u00f6vde<\/strong>, kolay s\u00f6k\u00fcl\u00fcp tak\u0131labilen ve CIP (yerinde temizlik) sistemine uyumlu yap\u0131.<\/p><\/li><li data-start=\"1167\" data-end=\"1272\"><p data-start=\"1169\" data-end=\"1272\"><strong data-start=\"1169\" data-end=\"1196\">Ayd\u0131nlatma ve G\u00fcvenlik:<\/strong> \u015eeffaf koruma kapaklar\u0131 ve emniyet sens\u00f6rleri ile g\u00fcvenli \u00e7al\u0131\u015fma ortam\u0131.<\/p><\/li><li data-start=\"1273\" data-end=\"1345\"><p data-start=\"1275\" data-end=\"1345\"><strong data-start=\"1275\" data-end=\"1296\">Enerji Beslemesi:<\/strong> 220V \/ 380V \u2013 50\/60 Hz, d\u00fc\u015f\u00fck enerji t\u00fcketimi.<\/p><\/li><li data-start=\"1346\" data-end=\"1413\"><p data-start=\"1348\" data-end=\"1413\"><strong data-start=\"1348\" data-end=\"1361\">Boyutlar:<\/strong> \u0130htiyaca g\u00f6re \u00f6zelle\u015ftirilebilir kompakt tasar\u0131m.<\/p><\/li><\/ul><p><div class=\"entry-content-asset videofit\"><iframe title=\"TEKL\u0130 S\u00dcT DOLUM MAK\u0130NASI - 1 LT - K\u0130ML\u0130K MAK\u0130NA -\" width=\"720\" height=\"405\" src=\"https:\/\/www.youtube.com\/embed\/lqlxX8AElHQ?feature=oembed\" frameborder=\"0\" allow=\"accelerometer; autoplay; clipboard-write; encrypted-media; gyroscope; picture-in-picture; web-share\" referrerpolicy=\"strict-origin-when-cross-origin\" allowfullscreen><\/iframe><\/div><\/p>\t\t\t\t\t\t\t\t<\/div>\n\t\t\t\t<\/div>\n\t\t\t\t\t<\/div>\n\t\t\t\t<\/div>\n\t\t\t\t<\/div>","protected":false},"excerpt":{"rendered":"<p><strong>Tek Nozullu Vol\u00fcmetrik Konvey\u00f6r Bantl\u0131 PLC Kontroll\u00fc S\u00fct Dolum Makinas\u0131<\/strong><br \/><strong>Technical Specifications:<\/strong><br \/><strong>Nozul Say\u0131s\u0131:<\/strong> 1 adet y\u00fcksek hassasiyetli vol\u00fcmetrik dolum nozulu.<br \/><strong>Filling Capacity:<\/strong> Dakikada ortalama 300 \u2013 600 \u015fi\u015fe (\u015fi\u015fe hacmine ba\u011fl\u0131 olarak de\u011fi\u015fkenlik g\u00f6sterebilir).<br \/><strong>Filling Range:<\/strong> 100 ml\u2019den 2000 ml\u2019ye kadar farkl\u0131 \u015fi\u015fe ve paket se\u00e7eneklerine uyumlu.<br \/><strong>Dolum Sistemi:<\/strong> Vol\u00fcmetrik pistonlu sistem ile y\u00fcksek do\u011frulukta, kay\u0131ps\u0131z ve tutarl\u0131 dolum.<br \/><strong>Konvey\u00f6r Sistemi:<\/strong> G\u0131da standartlar\u0131na uygun paslanmaz \u00e7elikten imal edilmi\u015f, h\u0131z kontroll\u00fc konvey\u00f6r bant.<br \/><strong>Kontrol \u00dcnitesi:<\/strong> PLC kontroll\u00fc otomasyon sistemi, dolum miktar\u0131, h\u0131z ve \u00e7al\u0131\u015fma parametrelerinin kolayca ayarlanmas\u0131n\u0131 sa\u011flar.<br \/><strong>Hijyenik Tasar\u0131m:<\/strong> S\u00fct ve s\u00fct \u00fcr\u00fcnleri i\u00e7in uygun, tamamen <strong>304 kalite paslanmaz \u00e7elik g\u00f6vde<\/strong>, kolay s\u00f6k\u00fcl\u00fcp tak\u0131labilen ve CIP (yerinde temizlik) sistemine uyumlu yap\u0131.<br \/><strong>Ayd\u0131nlatma ve G\u00fcvenlik:<\/strong> \u015eeffaf koruma kapaklar\u0131 ve emniyet sens\u00f6rleri ile g\u00fcvenli \u00e7al\u0131\u015fma ortam\u0131.<br \/><strong>Enerji Beslemesi:<\/strong> 220V \/ 380V \u2013 50\/60 Hz, d\u00fc\u015f\u00fck enerji t\u00fcketimi.<br \/><strong>Boyutlar:<\/strong> \u0130htiyaca g\u00f6re \u00f6zelle\u015ftirilebilir kompakt tasar\u0131m.<br \/>https:\/\/youtu.be\/lqlxX8AElHQ?si=LADqkpNTqORCmlGG<\/p>","protected":false},"featured_media":6377,"template":"","meta":{"_eb_attr":"","_kadence_starter_templates_imported_post":false,"_kad_post_transparent":"","_kad_post_title":"","_kad_post_layout":"","_kad_post_sidebar_id":"","_kad_post_content_style":"","_kad_post_vertical_padding":"","_kad_post_feature":"","_kad_post_feature_position":"","_kad_post_header":false,"_kad_post_footer":false,"_kad_post_classname":""},"product_brand":[823],"product_cat":[277,273,64,15],"product_tag":[1171,1172,1107,1109,1173,1111,1112,1174,1115,807,1116,1117,1118,1119,1175,1122,1176,1177,1178,1179,639,1180,1181,937,1151,1152,1182,1183,1154,1184,1185,1186,1187,1141,1188,1159,1161,1145,1189,1147,1190,1148],"class_list":{"0":"post-6375","1":"product","2":"type-product","3":"status-publish","4":"has-post-thumbnail","6":"product_brand-srhn","7":"product_cat-kozmetik-kimya-proses-makinalari","8":"product_cat-sivi-dolum-kapatma-ve-etiketleme","9":"product_cat-sut-proses-makinalari","10":"product_cat-tum-urunler","11":"product_tag-10lu-dolum","12":"product_tag-2nozulludolummakinasi","13":"product_tag-4lu-dolum","14":"product_tag-6li-dolum","15":"product_tag-8li-dolum","16":"product_tag-antifriz-dolum","17":"product_tag-antifriz-dolum-makinasi","18":"product_tag-ayarlanabilirnozullumakine","19":"product_tag-aycicek-yagi-dolum-makinasi","20":"product_tag-bal-dolum-makinasi","21":"product_tag-bebe-sampuani-dolum-makinasi","22":"product_tag-boryagli-motor-katkisi-dolum-makinasi","23":"product_tag-boya-dolum-makinasi","24":"product_tag-cam-suyu-dolum","25":"product_tag-ciftcikislidolummakinesi","26":"product_tag-coklu-dolum","27":"product_tag-dolumhattiekipmani","28":"product_tag-dolummakinasimodulu","29":"product_tag-endustriyeldolummakinasi","30":"product_tag-flowmetreli","31":"product_tag-flowmetreli-dolum","32":"product_tag-flowmetreli-dolum-hatti","33":"product_tag-flowmetreli-dolum-makinasi","34":"product_tag-flowmetreli-dolum-makinesi","35":"product_tag-gidauyumludolummakinasi","36":"product_tag-hassasdolumsistemi","37":"product_tag-hassasvolumetrikdolum","38":"product_tag-hijyenikdolummakinesi","39":"product_tag-hizli-dolum","40":"product_tag-konveyorludolummakinesi","41":"product_tag-lineer-sivi-dolum-makinasi","42":"product_tag-otomatik-dolum-makinasi","43":"product_tag-otomatikdolummakinasi","44":"product_tag-paslanmazdolummakinasi","45":"product_tag-servokontrolludolum","46":"product_tag-sisedolummakinasi","47":"product_tag-sividoldurmamakinasi","48":"product_tag-sividolummakinasi","49":"product_tag-volimetrik-sivi-dolum-makinasi","50":"product_tag-volumetrikdolummakinasi","51":"product_tag-volumetrikdolumsistemi","52":"product_tag-yariotomatikdolummakinesi","54":"first","55":"onbackorder","56":"taxable","57":"shipping-taxable","58":"purchasable","59":"product-type-simple","60":"entry","61":"content-bg","62":"loop-entry"},"_links":{"self":[{"href":"https:\/\/www.kimlikmakina.com\/en\/wp-json\/wp\/v2\/product\/6375","targetHints":{"allow":["GET"]}}],"collection":[{"href":"https:\/\/www.kimlikmakina.com\/en\/wp-json\/wp\/v2\/product"}],"about":[{"href":"https:\/\/www.kimlikmakina.com\/en\/wp-json\/wp\/v2\/types\/product"}],"version-history":[{"count":5,"href":"https:\/\/www.kimlikmakina.com\/en\/wp-json\/wp\/v2\/product\/6375\/revisions"}],"predecessor-version":[{"id":6383,"href":"https:\/\/www.kimlikmakina.com\/en\/wp-json\/wp\/v2\/product\/6375\/revisions\/6383"}],"wp:featuredmedia":[{"embeddable":true,"href":"https:\/\/www.kimlikmakina.com\/en\/wp-json\/wp\/v2\/media\/6377"}],"wp:attachment":[{"href":"https:\/\/www.kimlikmakina.com\/en\/wp-json\/wp\/v2\/media?parent=6375"}],"wp:term":[{"taxonomy":"product_brand","embeddable":true,"href":"https:\/\/www.kimlikmakina.com\/en\/wp-json\/wp\/v2\/product_brand?post=6375"},{"taxonomy":"product_cat","embeddable":true,"href":"https:\/\/www.kimlikmakina.com\/en\/wp-json\/wp\/v2\/product_cat?post=6375"},{"taxonomy":"product_tag","embeddable":true,"href":"https:\/\/www.kimlikmakina.com\/en\/wp-json\/wp\/v2\/product_tag?post=6375"}],"curies":[{"name":"wp","href":"https:\/\/api.w.org\/{rel}","templated":true}]}}