{"id":6157,"date":"2025-06-04T12:53:29","date_gmt":"2025-06-04T09:53:29","guid":{"rendered":"https:\/\/www.kimlikmakina.com\/?post_type=product&#038;p=6157"},"modified":"2026-04-11T10:47:05","modified_gmt":"2026-04-11T07:47:05","slug":"9-metre-tel-kadayif-dokme-ocagi-tepsisi","status":"publish","type":"product","link":"https:\/\/www.kimlikmakina.com\/en\/product\/9-metre-tel-kadayif-dokme-ocagi-tepsisi\/","title":{"rendered":"9-Meter Wire Kadayif Pouring Stove\/Tray"},"content":{"rendered":"<div data-elementor-type=\"wp-post\" data-elementor-id=\"6157\" class=\"elementor elementor-6157\">\n\t\t\t\t<div class=\"elementor-element elementor-element-739c2bbc e-flex e-con-boxed e-con e-parent\" data-id=\"739c2bbc\" data-element_type=\"container\" data-e-type=\"container\">\n\t\t\t\t\t<div class=\"e-con-inner\">\n\t\t\t\t<div class=\"elementor-element elementor-element-5657e24e elementor-widget elementor-widget-text-editor\" data-id=\"5657e24e\" data-element_type=\"widget\" data-e-type=\"widget\" data-widget_type=\"text-editor.default\">\n\t\t\t\t<div class=\"elementor-widget-container\">\n\t\t\t\t\t\t\t\t\t<p><strong>Wire Kadayif Cookers \u2013 Industrial Production Series<\/strong><br \/><strong>It has been specially developed for professional businesses looking for high efficiency, equal cooking and durable structure in kadayif production.<\/strong> As Identity Machine, we offer <strong>Wire Kadayif Cookers<\/strong>, is designed and manufactured in accordance with industrial production lines.<\/p><p><a href=\"https:\/\/www.youtube.com\/watch?v=6FvvcfQIerY\">9 METRE TEL D\u00d6KME KADAYIF MAK\u0130NASI &#8211; TEL KADAYIF MAK\u0130NES\u0130 &#8211; OTOMAT\u0130KMAK\u0130NA K\u0130ML\u0130K MAK\u0130NA KONYA<\/a><br \/>\u2699\ufe0f <strong>Technical Specifications:<\/strong><br \/><strong>\u00dcretim \u00d6l\u00e7\u00fcleri:<\/strong><br \/>Standard diameter: <strong>Between 4 meters and 12 meters<\/strong><br \/>Special intermediate diameters and special production can be made upon request.<br \/><strong>Cooking Surface:<\/strong><br \/>Surface in contact with the dough: <strong>3 mm pure copper sheet<\/strong><br \/>External perimeter coating: <strong>1 mm AISI 304 quality stainless steel<\/strong><br \/>Thanks to the copper surface <strong>excellent thermal conductivity and homogeneous cooking<\/strong> is provided.<br \/><strong>Chassis Structure:<\/strong><br \/>High strength painted construction<br \/>Resistant to industrial environmental conditions<br \/><strong>Heating system:<\/strong><br \/><strong>LPG or natural gas operated burner systems<\/strong><br \/>Optional electrical resistance system<br \/>Controlled heat distribution with burner heating<\/p><p>\ud83e\udde9 <strong>Compatible Optional Units:<\/strong><br \/>Our furnaces can also be supplied as a set with the following equipment that can be fully integrated into your production line:<br \/>\u2705 <strong>Dough Pouring Style Machine (GIF \/ STYLE Type)<\/strong><br \/>\u2705 <strong>Wire Shredded Wheat Collector Brush Unit (360\u00b0 rotating, speed adjustable)<\/strong><br \/>\u2705 <strong>Cooling Conveyor or Spiral Collector Systems<\/strong><\/p><p>\ud83c\udfaf <strong>Areas of Use:<\/strong><br \/>Wire shredded wheat production facilities<br \/>Turkish delight and confectionery integrated facilities<br \/>Factories producing traditional desserts<\/p><p class=\"translation-block\">\u2705 <strong>Kimlik Makina Difference:<\/strong><br>24 Months <strong>Manufacturer Warranty<\/strong><br>10 Years <strong>Spare Parts Guarantee<\/strong><br>Practical usage training on each machine<\/strong><br>Project-specific <strong>installation and production line consultancy<\/strong><\/p><p><div class=\"entry-content-asset videofit\"><iframe title=\"9 METRE TEL D\u00d6KME KADAYIF MAK\u0130NASI - TEL KADAYIF MAK\u0130NES\u0130 - OTOMAT\u0130KMAK\u0130NA  K\u0130ML\u0130K MAK\u0130NA KONYA\" width=\"720\" height=\"540\" src=\"https:\/\/www.youtube.com\/embed\/6FvvcfQIerY?feature=oembed\" frameborder=\"0\" allow=\"accelerometer; autoplay; clipboard-write; encrypted-media; gyroscope; picture-in-picture; web-share\" referrerpolicy=\"strict-origin-when-cross-origin\" allowfullscreen><\/iframe><\/div><\/p>\t\t\t\t\t\t\t\t<\/div>\n\t\t\t\t<\/div>\n\t\t\t\t\t<\/div>\n\t\t\t\t<\/div>\n\t\t\t\t<\/div>","protected":false},"excerpt":{"rendered":"<p><strong>Wire Kadayif Cookers \u2013 Industrial Production Series<\/strong><br \/><strong>It has been specially developed for professional businesses looking for high efficiency, equal cooking and durable structure in kadayif production.<\/strong> As Identity Machine, we offer <strong>Wire Kadayif Cookers<\/strong>, is designed and manufactured in accordance with industrial production lines.<\/p>","protected":false},"featured_media":6304,"template":"","meta":{"_eb_attr":"","_kadence_starter_templates_imported_post":false,"_kad_post_transparent":"","_kad_post_title":"","_kad_post_layout":"","_kad_post_sidebar_id":"","_kad_post_content_style":"","_kad_post_vertical_padding":"","_kad_post_feature":"","_kad_post_feature_position":"","_kad_post_header":false,"_kad_post_footer":false,"_kad_post_classname":""},"product_brand":[822],"product_cat":[270,15],"product_tag":[536,533,538,530,283,532,284,286,285,535,537,531,287,529,534],"class_list":{"0":"post-6157","1":"product","2":"type-product","3":"status-publish","4":"has-post-thumbnail","6":"product_brand-kmlk","7":"product_cat-tel-kadayif-uretim-tesisleri","8":"product_cat-tum-urunler","9":"product_tag-endustriyel-kadayif-pisirme-ekipmanlari","10":"product_tag-endustriyel-tatli-pisirme-ekipmanlari","11":"product_tag-endustriyel-tel-kadayif-dokme-ocaklari","12":"product_tag-endustriyel-tel-kadayif-ocaklari","13":"product_tag-kadayif","14":"product_tag-kadayif-dokme-makineleri","15":"product_tag-kadayif-ocagi","16":"product_tag-kadayif-tatlisi-uretim","17":"product_tag-kadayif-tepsisi","18":"product_tag-tatli-dokme-ocaklari","19":"product_tag-tatli-hazirlama-makineleri","20":"product_tag-tatli-pisirme-ekipmanlari","21":"product_tag-tel-kadayif","22":"product_tag-tel-kadayif-pisirme-ocaklari","23":"product_tag-tel-kadayif-uretim-ekipmanlari","25":"first","26":"onbackorder","27":"taxable","28":"shipping-taxable","29":"purchasable","30":"product-type-simple","31":"entry","32":"content-bg","33":"loop-entry"},"_links":{"self":[{"href":"https:\/\/www.kimlikmakina.com\/en\/wp-json\/wp\/v2\/product\/6157","targetHints":{"allow":["GET"]}}],"collection":[{"href":"https:\/\/www.kimlikmakina.com\/en\/wp-json\/wp\/v2\/product"}],"about":[{"href":"https:\/\/www.kimlikmakina.com\/en\/wp-json\/wp\/v2\/types\/product"}],"version-history":[{"count":4,"href":"https:\/\/www.kimlikmakina.com\/en\/wp-json\/wp\/v2\/product\/6157\/revisions"}],"predecessor-version":[{"id":6364,"href":"https:\/\/www.kimlikmakina.com\/en\/wp-json\/wp\/v2\/product\/6157\/revisions\/6364"}],"wp:featuredmedia":[{"embeddable":true,"href":"https:\/\/www.kimlikmakina.com\/en\/wp-json\/wp\/v2\/media\/6304"}],"wp:attachment":[{"href":"https:\/\/www.kimlikmakina.com\/en\/wp-json\/wp\/v2\/media?parent=6157"}],"wp:term":[{"taxonomy":"product_brand","embeddable":true,"href":"https:\/\/www.kimlikmakina.com\/en\/wp-json\/wp\/v2\/product_brand?post=6157"},{"taxonomy":"product_cat","embeddable":true,"href":"https:\/\/www.kimlikmakina.com\/en\/wp-json\/wp\/v2\/product_cat?post=6157"},{"taxonomy":"product_tag","embeddable":true,"href":"https:\/\/www.kimlikmakina.com\/en\/wp-json\/wp\/v2\/product_tag?post=6157"}],"curies":[{"name":"wp","href":"https:\/\/api.w.org\/{rel}","templated":true}]}}