{"id":4999,"date":"2023-11-27T21:35:59","date_gmt":"2023-11-27T18:35:59","guid":{"rendered":"https:\/\/www.kimlikmakina.com\/?post_type=product&#038;p=4999"},"modified":"2026-04-11T10:50:01","modified_gmt":"2026-04-11T07:50:01","slug":"boya-mikseri","status":"publish","type":"product","link":"https:\/\/www.kimlikmakina.com\/en\/product\/boya-mikseri\/","title":{"rendered":"Powder Mixing Mixers (Dissolver)"},"content":{"rendered":"<p class=\"translation-block\"><strong>Powder Mixing Mixer (Dissolver)<\/strong><br><strong>Homogeneous Mixing Solution for High Viscosity Products<\/strong><br><strong>Developed by Identity Machinery, the <strong>Dissolver Type Powder Mixing Mixer<\/strong> is a professional solution designed for effective mixing of paint, varnish, cream, gel and similar high density products in industrial production processes. It provides maximum efficiency in different sectors with its speed adjustment, powerful motor structure and durable body.<\/p>\n<p class=\"translation-block\">\ud83d\udce6 <strong>Areas of Use:<\/strong><br><strong>Chemistry:<\/strong> Resin, dispersion, protective additives<br><strong>Cosmetics:<\/strong> Gel, cream, mask, lotion<br><strong>Food:<\/strong> Aromatic solutions, thickening mixtures<br><strong>Paint\/Varnish:<\/strong> Pigment solutions, solvent and water-based systems<\/p>\n<p>\ud83d\udce6 <strong>Areas of Use:<\/strong><br \/><strong>Kimya:<\/strong> Re\u00e7ine, dispersiyon, koruyucu katk\u0131lar<br \/><strong>Kozmetik:<\/strong> Jel, krem, maske, losyon<br \/><strong>G\u0131da:<\/strong> Aromatik \u00e7\u00f6zeltiler, k\u0131vam artt\u0131r\u0131c\u0131 kar\u0131\u015f\u0131mlar<br \/><strong>Boya\/Vernik:<\/strong> Pigment \u00e7\u00f6zeltileri, solvent ve su bazl\u0131 sistemler<\/p>\n<p class=\"translation-block\">\u2705 <strong>Why Should K\u0130ML\u0130K MAK\u0130NA Dissolver Mixer Be Preferred?<\/strong><br>Speed-adjustable inverter-controlled motor<br>Compact and modular body<br>Product-specific designable tank structure<br>Custom blade, shaft and mixer designs for customer demands<br>Quiet, efficient and vibration-free working performance<\/p>\n<p><strong>Kimlik Makina<\/strong> olarak, \u00fcretim s\u00fcrecinizde y\u00fcksek kalite, verimlilik ve hijyen sa\u011flamak i\u00e7in end\u00fcstriyel \u00e7\u00f6z\u00fcmler sunuyoruz. Dissolver mikser sistemlerimiz, zorlu ve yo\u011fun kar\u0131\u015ft\u0131rma proseslerinde g\u00fcvenilir bir partneriniz olacakt\u0131r.<\/p>","protected":false},"excerpt":{"rendered":"<p class=\"translation-block\"><strong>Powder Mixing Mixer (Dissolver)<\/strong><br><strong>Homogeneous Mixing Solution for High Viscosity Products<\/strong><br><strong>Developed by Identity Machinery, the <strong>Dissolver Type Powder Mixing Mixer<\/strong> is a professional solution designed for effective mixing of paint, varnish, cream, gel and similar high density products in industrial production processes. It provides maximum efficiency in different sectors with its speed adjustment, powerful motor structure and durable body.<\/p>","protected":false},"featured_media":6273,"template":"","meta":{"_eb_attr":"","_kadence_starter_templates_imported_post":false,"_kad_post_transparent":"","_kad_post_title":"","_kad_post_layout":"","_kad_post_sidebar_id":"","_kad_post_content_style":"","_kad_post_vertical_padding":"","_kad_post_feature":"","_kad_post_feature_position":"","_kad_post_header":false,"_kad_post_footer":false,"_kad_post_classname":""},"product_brand":[823],"product_cat":[272,15],"product_tag":[574,576,570,578,572,569,573,571,577,575],"class_list":{"0":"post-4999","1":"product","2":"type-product","3":"status-publish","4":"has-post-thumbnail","6":"product_brand-srhn","7":"product_cat-endustriyel-mikserler","8":"product_cat-tum-urunler","9":"product_tag-endustriyel-dissolver-mikserler","10":"product_tag-endustriyel-toz-cozelti-hazirlama-makineleri","11":"product_tag-endustriyel-toz-karistiricilar","12":"product_tag-kimyasal-cozundurme-ekipmanlari","13":"product_tag-kimyasal-karistirma-ekipmanlari","14":"product_tag-toz-cozelti-mikserleri","15":"product_tag-toz-cozelti-uretim-mikserleri","16":"product_tag-toz-formu-cozeltiye-donusturen-mikserler","17":"product_tag-toz-formunda-malzemelerin-karistirilmasi-icin-mikserler","18":"product_tag-toz-karistirma-ve-cozundurme-ekipmanlari","19":"product_shipping_class-ambar","21":"first","22":"onbackorder","23":"taxable","24":"shipping-taxable","25":"purchasable","26":"product-type-simple","27":"entry","28":"content-bg","29":"loop-entry"},"_links":{"self":[{"href":"https:\/\/www.kimlikmakina.com\/en\/wp-json\/wp\/v2\/product\/4999","targetHints":{"allow":["GET"]}}],"collection":[{"href":"https:\/\/www.kimlikmakina.com\/en\/wp-json\/wp\/v2\/product"}],"about":[{"href":"https:\/\/www.kimlikmakina.com\/en\/wp-json\/wp\/v2\/types\/product"}],"version-history":[{"count":1,"href":"https:\/\/www.kimlikmakina.com\/en\/wp-json\/wp\/v2\/product\/4999\/revisions"}],"predecessor-version":[{"id":6544,"href":"https:\/\/www.kimlikmakina.com\/en\/wp-json\/wp\/v2\/product\/4999\/revisions\/6544"}],"wp:featuredmedia":[{"embeddable":true,"href":"https:\/\/www.kimlikmakina.com\/en\/wp-json\/wp\/v2\/media\/6273"}],"wp:attachment":[{"href":"https:\/\/www.kimlikmakina.com\/en\/wp-json\/wp\/v2\/media?parent=4999"}],"wp:term":[{"taxonomy":"product_brand","embeddable":true,"href":"https:\/\/www.kimlikmakina.com\/en\/wp-json\/wp\/v2\/product_brand?post=4999"},{"taxonomy":"product_cat","embeddable":true,"href":"https:\/\/www.kimlikmakina.com\/en\/wp-json\/wp\/v2\/product_cat?post=4999"},{"taxonomy":"product_tag","embeddable":true,"href":"https:\/\/www.kimlikmakina.com\/en\/wp-json\/wp\/v2\/product_tag?post=4999"}],"curies":[{"name":"wp","href":"https:\/\/api.w.org\/{rel}","templated":true}]}}