{"id":4962,"date":"2023-11-27T21:19:47","date_gmt":"2023-11-27T18:19:47","guid":{"rendered":"https:\/\/www.kimlikmakina.com\/?post_type=product&#038;p=4962"},"modified":"2026-04-11T10:56:46","modified_gmt":"2026-04-11T07:56:46","slug":"kadayif-tasima-konveyor-banti","status":"publish","type":"product","link":"https:\/\/www.kimlikmakina.com\/en\/product\/kadayif-tasima-konveyor-banti\/","title":{"rendered":"Kadayif Transport Conveyor Belt"},"content":{"rendered":"<p class=\"translation-block\"><strong>Paslanmaz \u00c7elik G\u0131daya Uygun G\u0131da Ta\u015f\u0131ma Konvey\u00f6r Bant\u0131<\/strong><br><strong>End\u00fcstriyel G\u0131da Ta\u015f\u0131malar\u0131nda Hijyenik, Dayan\u0131kl\u0131 ve Verimli \u00c7\u00f6z\u00fcm!<\/strong><br><strong>Kimlik Makina<\/strong> olarak \u00fcretti\u011fimiz <strong>Paslanmaz \u00c7elik Konvey\u00f6r Bant Sistemleri<\/strong>, g\u0131da end\u00fcstrisinin t\u00fcm ta\u015f\u0131ma ve aktarma s\u00fcre\u00e7lerinde maksimum hijyen ve verimlilik sa\u011flamak amac\u0131yla tasarlanm\u0131\u015ft\u0131r. \u00d6zellikle <strong>kaday\u0131f \u00fcretim hatlar\u0131<\/strong>, <strong>tatl\u0131 \u00fcretimi<\/strong>, <strong>hamur i\u015fleri<\/strong>, <strong>\u015fekerleme<\/strong>, <strong>et ve s\u00fct \u00fcr\u00fcnleri<\/strong> gibi alanlarda g\u00fcvenle kullan\u0131l\u0131r.<\/p>\n<p class=\"translation-block\">\u2699\ufe0f <strong>Technical Specifications:<\/strong><br><strong>Body Material:<\/strong> AISI 304 quality full stainless steel construction <br><strong>Belt Type:<\/strong> Special cotton conveyor belt in accordance with food regulations <strong>Configuration Options:<\/strong>Single-deck, double-deck, inclined or straight-line systems <strong>Lengths: <strong>3 meters<\/strong>, <strong>4 meters<\/strong>, <strong>5 meters<\/strong> (special size upon request) <br><strong>Cooling Feature:<\/strong> It is especially ideal for cooling and transferring hot wire shredded wheat coming out of shredded wheat stoves <strong>Drive System:<\/strong> Reducer motor driven, speed adjustment <strong>inverter controlled<\/strong><br><strong>Cleaning:<\/strong> Hygienic with its opening cover structure and easy-to-remove belt design cleaning advantage<\/p>\n<p class=\"translation-block\">\ud83d\udce6 <strong>Areas of Use:<\/strong><br>Kadayif and cezerye production facilities<br>Bakery and pastry lines<br>Dessert, Turkish delight, confectionery production<br>Meat, milk and frozen food transportation lines<br>Intermediate transfer operations before food packaging<\/p>\n<p>\ud83d\udce6 <strong>Areas of Use:<\/strong><br \/>Kaday\u0131f ve cezerye \u00fcretim tesisleri<br \/>Unlu mamul ve hamur i\u015fi hatlar\u0131<br \/>Tatl\u0131, lokum, \u015fekerleme \u00fcretimi<br \/>Et, s\u00fct ve dondurulmu\u015f g\u0131da ta\u015f\u0131ma hatlar\u0131<br \/>G\u0131da paketleme \u00f6ncesi ara aktarma i\u015flemleri<\/p>\n<p class=\"translation-block\">\ud83d\udee1\ufe0f <strong>Kimlik Makina Assurance:<\/strong><br><strong>24 Months Manufacturer's Warranty<\/strong><br><strong>10 Years Spare Parts Supply<\/strong><\/p>","protected":false},"excerpt":{"rendered":"<p class=\"translation-block\"><strong>Paslanmaz \u00c7elik G\u0131daya Uygun G\u0131da Ta\u015f\u0131ma Konvey\u00f6r Bant\u0131<\/strong><br><strong>End\u00fcstriyel G\u0131da Ta\u015f\u0131malar\u0131nda Hijyenik, Dayan\u0131kl\u0131 ve Verimli \u00c7\u00f6z\u00fcm!<\/strong><br><strong>Kimlik Makina<\/strong> olarak \u00fcretti\u011fimiz <strong>Paslanmaz \u00c7elik Konvey\u00f6r Bant Sistemleri<\/strong>, g\u0131da end\u00fcstrisinin t\u00fcm ta\u015f\u0131ma ve aktarma s\u00fcre\u00e7lerinde maksimum hijyen ve verimlilik sa\u011flamak amac\u0131yla tasarlanm\u0131\u015ft\u0131r. \u00d6zellikle <strong>kaday\u0131f \u00fcretim hatlar\u0131<\/strong>, <strong>tatl\u0131 \u00fcretimi<\/strong>, <strong>hamur i\u015fleri<\/strong>, <strong>\u015fekerleme<\/strong>, <strong>et ve s\u00fct \u00fcr\u00fcnleri<\/strong> gibi alanlarda g\u00fcvenle kullan\u0131l\u0131r.<\/p>","protected":false},"featured_media":2735,"template":"","meta":{"_eb_attr":"","_kadence_starter_templates_imported_post":false,"_kad_post_transparent":"","_kad_post_title":"","_kad_post_layout":"","_kad_post_sidebar_id":"","_kad_post_content_style":"","_kad_post_vertical_padding":"","_kad_post_feature":"","_kad_post_feature_position":"","_kad_post_header":false,"_kad_post_footer":false,"_kad_post_classname":""},"product_brand":[822],"product_cat":[270,15],"product_tag":[536,533,538,530,283,532,284,286,285,535,537,531,287,529,534],"class_list":{"0":"post-4962","1":"product","2":"type-product","3":"status-publish","4":"has-post-thumbnail","6":"product_brand-kmlk","7":"product_cat-tel-kadayif-uretim-tesisleri","8":"product_cat-tum-urunler","9":"product_tag-endustriyel-kadayif-pisirme-ekipmanlari","10":"product_tag-endustriyel-tatli-pisirme-ekipmanlari","11":"product_tag-endustriyel-tel-kadayif-dokme-ocaklari","12":"product_tag-endustriyel-tel-kadayif-ocaklari","13":"product_tag-kadayif","14":"product_tag-kadayif-dokme-makineleri","15":"product_tag-kadayif-ocagi","16":"product_tag-kadayif-tatlisi-uretim","17":"product_tag-kadayif-tepsisi","18":"product_tag-tatli-dokme-ocaklari","19":"product_tag-tatli-hazirlama-makineleri","20":"product_tag-tatli-pisirme-ekipmanlari","21":"product_tag-tel-kadayif","22":"product_tag-tel-kadayif-pisirme-ocaklari","23":"product_tag-tel-kadayif-uretim-ekipmanlari","24":"product_shipping_class-ambar","26":"first","27":"onbackorder","28":"taxable","29":"shipping-taxable","30":"purchasable","31":"product-type-simple","32":"entry","33":"content-bg","34":"loop-entry"},"_links":{"self":[{"href":"https:\/\/www.kimlikmakina.com\/en\/wp-json\/wp\/v2\/product\/4962","targetHints":{"allow":["GET"]}}],"collection":[{"href":"https:\/\/www.kimlikmakina.com\/en\/wp-json\/wp\/v2\/product"}],"about":[{"href":"https:\/\/www.kimlikmakina.com\/en\/wp-json\/wp\/v2\/types\/product"}],"version-history":[{"count":1,"href":"https:\/\/www.kimlikmakina.com\/en\/wp-json\/wp\/v2\/product\/4962\/revisions"}],"predecessor-version":[{"id":6593,"href":"https:\/\/www.kimlikmakina.com\/en\/wp-json\/wp\/v2\/product\/4962\/revisions\/6593"}],"wp:featuredmedia":[{"embeddable":true,"href":"https:\/\/www.kimlikmakina.com\/en\/wp-json\/wp\/v2\/media\/2735"}],"wp:attachment":[{"href":"https:\/\/www.kimlikmakina.com\/en\/wp-json\/wp\/v2\/media?parent=4962"}],"wp:term":[{"taxonomy":"product_brand","embeddable":true,"href":"https:\/\/www.kimlikmakina.com\/en\/wp-json\/wp\/v2\/product_brand?post=4962"},{"taxonomy":"product_cat","embeddable":true,"href":"https:\/\/www.kimlikmakina.com\/en\/wp-json\/wp\/v2\/product_cat?post=4962"},{"taxonomy":"product_tag","embeddable":true,"href":"https:\/\/www.kimlikmakina.com\/en\/wp-json\/wp\/v2\/product_tag?post=4962"}],"curies":[{"name":"wp","href":"https:\/\/api.w.org\/{rel}","templated":true}]}}