{"id":4697,"date":"2023-11-25T20:14:52","date_gmt":"2023-11-25T17:14:52","guid":{"rendered":"https:\/\/www.kimlikmakina.com\/?post_type=product&#038;p=4697"},"modified":"2026-04-11T10:55:55","modified_gmt":"2026-04-11T07:55:55","slug":"pastorizator","status":"publish","type":"product","link":"https:\/\/www.kimlikmakina.com\/en\/product\/pastorizator\/","title":{"rendered":"Pasteurizer"},"content":{"rendered":"<h6 class=\"wp-block-heading\"><strong>Past\u00f6rizat\u00f6r \u2013 Plakal\u0131 Is\u0131 De\u011fi\u015ftirici Sistem<\/strong><\/h6>\n\n\n\n<p><strong>Kimlik Makina<\/strong> olarak s\u0131v\u0131 g\u0131da \u00fcr\u00fcnlerinin hijyenik, h\u0131zl\u0131 ve g\u00fcvenli bir \u015fekilde i\u015flenmesi i\u00e7in geli\u015ftirdi\u011fimiz <strong>Plakal\u0131 Past\u00f6rizat\u00f6r Sistemi<\/strong>, g\u0131da g\u00fcvenli\u011fini en \u00fcst d\u00fczeye ta\u015f\u0131rken, \u00fcr\u00fcnlerinizin kalitesini standardize eder.<\/p>\n\n\n\n<p>Bu sistem, <strong>plakal\u0131 \u0131s\u0131 de\u011fi\u015ftirici<\/strong> teknolojisi ve <strong>\u00e7arp\u0131\u015ft\u0131rma prensibine dayal\u0131 ani \u0131s\u0131 de\u011fi\u015fimi<\/strong> sayesinde \u00fcr\u00fcnlerin besin de\u011ferlerini kaybetmeden etkili \u015fekilde past\u00f6rize edilmesini sa\u011flar.<\/p>\n\n\n\n<hr class=\"wp-block-separator has-alpha-channel-opacity\" \/>\n\n\n\n<h4 class=\"wp-block-heading\">\ud83d\udd27 <strong>Teknik \u00d6zellikler ve Opsiyonlar:<\/strong><\/h4>\n\n\n\n<ul class=\"wp-block-list\">\n<li><strong>Capacity Range:<\/strong> 1.000 \u2013 20.000 Lt\/saat<\/li>\n\n\n\n<li><strong>Is\u0131 Transfer Y\u00fczeyi:<\/strong> Avrupa men\u015feli, <strong>AISI 316 kalite paslanmaz \u00e7elik plakalar<\/strong><\/li>\n\n\n\n<li><strong>Kontrol Sistemi:<\/strong> Tam otomatik PLC panel kontrol\u00fc (Yar\u0131 otomatik se\u00e7enek mevcuttur)<\/li>\n\n\n\n<li><strong>Kay\u0131t \u00d6zellikleri:<\/strong> PLC ekran \u00fczerinden <strong>s\u0131cakl\u0131k izleme<\/strong>, <strong>ge\u00e7mi\u015f \u00fcretim kay\u0131tlar\u0131<\/strong>, <strong>alarm bildirimleri<\/strong><\/li>\n\n\n\n<li><strong>G\u00f6vde Yap\u0131s\u0131:<\/strong> Tamam\u0131 paslanmaz \u00e7elik ya da paslanmaz kaplamal\u0131 g\u00f6vde se\u00e7enekleri<\/li>\n\n\n\n<li><strong>Is\u0131tma \u00dcnitesi:<\/strong> Entegre s\u0131cak su haz\u0131rlama ve buhar mod\u00fcl\u00fc, sistemle senkronize \u00e7al\u0131\u015f\u0131r<\/li>\n\n\n\n<li><strong>Hijyen:<\/strong> Kolay temizlik i\u00e7in <strong>s\u00f6k\u00fclebilir plakal\u0131 yap\u0131<\/strong>, CIP sistemlerine uyumlu<\/li>\n\n\n\n<li><strong>Past\u00f6rizasyon Kontrol\u00fc:<\/strong> Giri\u015f-\u00e7\u0131k\u0131\u015f s\u0131cakl\u0131klar\u0131 hassas sens\u00f6rlerle izlenir<\/li>\n\n\n\n<li><strong>Mod\u00fcler Tasar\u0131m:<\/strong> \u00dcr\u00fcn\u00fcn\u00fcze \u00f6zel, <strong>kademeli ve b\u00f6lmeli past\u00f6rizasyon \u00e7\u00f6z\u00fcmleri<\/strong><\/li>\n<\/ul>\n\n\n\n<hr class=\"wp-block-separator has-alpha-channel-opacity\" \/>\n\n\n\n<h4 class=\"wp-block-heading\">\ud83d\udce6 <strong>Uygulama Alanlar\u0131:<\/strong><\/h4>\n\n\n\n<ul class=\"wp-block-list\">\n<li><strong>S\u00fct ve s\u00fct \u00fcr\u00fcnleri<\/strong><\/li>\n\n\n\n<li><strong>Meyve suyu ve i\u00e7ecekler<\/strong><\/li>\n\n\n\n<li><strong>Bal, pekmez ve \u015furup \u00fcr\u00fcnleri<\/strong><\/li>\n\n\n\n<li><strong>Dondurma ve aromal\u0131 s\u00fct bazl\u0131 i\u00e7ecekler<\/strong><\/li>\n\n\n\n<li><strong>Salamura, soslar ve benzeri s\u0131v\u0131 g\u0131da \u00fcr\u00fcnleri<\/strong><\/li>\n<\/ul>\n\n\n\n<hr class=\"wp-block-separator has-alpha-channel-opacity\" \/>\n\n\n\n<h4 class=\"wp-block-heading\">\ud83c\udfaf <strong>Neden Kimlik Makina Past\u00f6rizat\u00f6r?<\/strong><\/h4>\n\n\n\n<ul class=\"wp-block-list\">\n<li>\u00dcr\u00fcn\u00fcn\u00fcz her partide <strong>ayn\u0131 kaliteyle<\/strong> \u00e7\u0131k\u0131\u015f yapar<\/li>\n\n\n\n<li><strong>Enerji verimli<\/strong> ve <strong>dayan\u0131kl\u0131 yap\u0131s\u0131yla<\/strong> uzun \u00f6m\u00fcrl\u00fc kullan\u0131m sunar<\/li>\n\n\n\n<li><strong>Mod\u00fcler altyap\u0131s\u0131<\/strong> sayesinde kolay entegrasyon ve geni\u015fleme olana\u011f\u0131<\/li>\n\n\n\n<li>\u00dcr\u00fcnlerinize \u00f6zel <strong>\u00e7\u00f6z\u00fcmlenmi\u015f m\u00fchendislik tasar\u0131m\u0131<\/strong> ile esnek \u00fcretim<\/li>\n<\/ul>\n\n\n\n<hr class=\"wp-block-separator has-alpha-channel-opacity\" \/>\n\n\n\n<p><strong>Her \u00fcr\u00fcn\u00fcm\u00fczde oldu\u011fu gibi, teslimatta detayl\u0131 kullan\u0131m e\u011fitimi verilmektedir.<\/strong><br><strong>24 Months Manufacturer's Warranty<\/strong> ve <strong>10 Y\u0131l Yedek Par\u00e7a Temini<\/strong> ile sat\u0131\u015f sonras\u0131 deste\u011fimiz her zaman yan\u0131n\u0131zda.<\/p>","protected":false},"excerpt":{"rendered":"<p><strong>Past\u00f6rizat\u00f6r \u2013 Plakal\u0131 Is\u0131 De\u011fi\u015ftirici Sistem<\/strong><br \/><strong>Kimlik Makina<\/strong> olarak s\u0131v\u0131 g\u0131da \u00fcr\u00fcnlerinin hijyenik, h\u0131zl\u0131 ve g\u00fcvenli bir \u015fekilde i\u015flenmesi i\u00e7in geli\u015ftirdi\u011fimiz <strong>Plakal\u0131 Past\u00f6rizat\u00f6r Sistemi<\/strong>, g\u0131da g\u00fcvenli\u011fini en \u00fcst d\u00fczeye ta\u015f\u0131rken, \u00fcr\u00fcnlerinizin kalitesini standardize eder.<br \/>Bu sistem, <strong>plakal\u0131 \u0131s\u0131 de\u011fi\u015ftirici<\/strong> teknolojisi ve <strong>\u00e7arp\u0131\u015ft\u0131rma prensibine dayal\u0131 ani \u0131s\u0131 de\u011fi\u015fimi<\/strong> sayesinde \u00fcr\u00fcnlerin besin de\u011ferlerini kaybetmeden etkili \u015fekilde past\u00f6rize edilmesini sa\u011flar.<\/p>","protected":false},"featured_media":6126,"template":"","meta":{"_eb_attr":"","_kadence_starter_templates_imported_post":false,"_kad_post_transparent":"","_kad_post_title":"","_kad_post_layout":"","_kad_post_sidebar_id":"","_kad_post_content_style":"","_kad_post_vertical_padding":"","_kad_post_feature":"","_kad_post_feature_position":"","_kad_post_header":false,"_kad_post_footer":false,"_kad_post_classname":""},"product_brand":[822],"product_cat":[232,64,15],"product_tag":[335,336,339,341,337,342,340,338,330,334],"class_list":{"0":"post-4697","1":"product","2":"type-product","3":"status-publish","4":"has-post-thumbnail","6":"product_brand-kmlk","7":"product_cat-pastorizasyon-unitesi","8":"product_cat-sut-proses-makinalari","9":"product_cat-tum-urunler","10":"product_tag-endustriyel-gida-isleme-ekipmanlari","11":"product_tag-endustriyel-pastorizatorler","12":"product_tag-endustriyel-sivi-isleme-ekipmanlari","13":"product_tag-gida-endustrisi-pastorizasyon-ekipmanlari","14":"product_tag-gida-pastorizasyon-ekipmanlari","15":"product_tag-sivi-isleme-makineleri","16":"product_tag-sivi-pastorizasyon-makineleri","17":"product_tag-sivi-pastorizasyon-sistemleri","18":"product_tag-sut-pastorizasyon-ekipmanlari","19":"product_tag-sut-pastorizasyon-tanki","20":"product_shipping_class-kurulum-egitim","22":"first","23":"onbackorder","24":"taxable","25":"shipping-taxable","26":"purchasable","27":"product-type-simple","28":"entry","29":"content-bg","30":"loop-entry"},"_links":{"self":[{"href":"https:\/\/www.kimlikmakina.com\/en\/wp-json\/wp\/v2\/product\/4697","targetHints":{"allow":["GET"]}}],"collection":[{"href":"https:\/\/www.kimlikmakina.com\/en\/wp-json\/wp\/v2\/product"}],"about":[{"href":"https:\/\/www.kimlikmakina.com\/en\/wp-json\/wp\/v2\/types\/product"}],"version-history":[{"count":1,"href":"https:\/\/www.kimlikmakina.com\/en\/wp-json\/wp\/v2\/product\/4697\/revisions"}],"predecessor-version":[{"id":6585,"href":"https:\/\/www.kimlikmakina.com\/en\/wp-json\/wp\/v2\/product\/4697\/revisions\/6585"}],"wp:featuredmedia":[{"embeddable":true,"href":"https:\/\/www.kimlikmakina.com\/en\/wp-json\/wp\/v2\/media\/6126"}],"wp:attachment":[{"href":"https:\/\/www.kimlikmakina.com\/en\/wp-json\/wp\/v2\/media?parent=4697"}],"wp:term":[{"taxonomy":"product_brand","embeddable":true,"href":"https:\/\/www.kimlikmakina.com\/en\/wp-json\/wp\/v2\/product_brand?post=4697"},{"taxonomy":"product_cat","embeddable":true,"href":"https:\/\/www.kimlikmakina.com\/en\/wp-json\/wp\/v2\/product_cat?post=4697"},{"taxonomy":"product_tag","embeddable":true,"href":"https:\/\/www.kimlikmakina.com\/en\/wp-json\/wp\/v2\/product_tag?post=4697"}],"curies":[{"name":"wp","href":"https:\/\/api.w.org\/{rel}","templated":true}]}}