{"id":4695,"date":"2023-11-25T20:11:50","date_gmt":"2023-11-25T17:11:50","guid":{"rendered":"https:\/\/www.kimlikmakina.com\/?post_type=product&#038;p=4695"},"modified":"2026-04-11T10:56:04","modified_gmt":"2026-04-11T07:56:04","slug":"sut-temizleme-separatoru","status":"publish","type":"product","link":"https:\/\/www.kimlikmakina.com\/en\/product\/sut-temizleme-separatoru\/","title":{"rendered":"Milk Cleaning Separator"},"content":{"rendered":"<h6 class=\"wp-block-heading\">T<strong>emizleme Separat\u00f6r\u00fc (Klarifikasyon \u00dcnitesi)<\/strong><\/h6>\n\n\n\n<p><strong>S\u00fct\u00fcn\u00fczdeki Mikroskobik Kirlilikleri G\u00fcvenle Ay\u0131r\u0131n<\/strong><\/p>\n\n\n\n<p><strong>Temizleme Separat\u00f6r\u00fc<\/strong>, s\u00fct\u00fcn i\u00e7erisinde kaba s\u00fczme ile uzakla\u015ft\u0131r\u0131lamayan mikroskobik kirleticilerin ayr\u0131\u015ft\u0131r\u0131lmas\u0131 i\u00e7in geli\u015ftirilmi\u015ftir. Klarifikasyon i\u015flemi sayesinde, somatik h\u00fccreler, kan p\u0131ht\u0131c\u0131klar\u0131, l\u00f6kositler, baz\u0131 mikroorganizmalar, bakterilerce zengin protein topak\u00e7\u0131klar\u0131 ve benzeri kirlilik etmenleri etkin bir \u015fekilde s\u00fctten uzakla\u015ft\u0131r\u0131l\u0131r.<\/p>\n\n\n\n<h4 class=\"wp-block-heading\">\ud83d\udd0d <strong>Temel \u00d6zellikler:<\/strong><\/h4>\n\n\n\n<ul class=\"wp-block-list\">\n<li><strong>Y\u00fcksek verimli kat\u0131 madde ayr\u0131\u015ft\u0131rma<\/strong><\/li>\n\n\n\n<li><strong>Kesintisiz \u00e7al\u0131\u015fabilme \u00f6zelli\u011fi<\/strong><\/li>\n\n\n\n<li><strong>Hijyenik AISI 304\/316 paslanmaz g\u00f6vde<\/strong><\/li>\n\n\n\n<li><strong>Kritik \u00fcr\u00fcn kalitesi i\u00e7in tam destek<\/strong><\/li>\n<\/ul>\n\n\n\n<h4 class=\"wp-block-heading\">\ud83e\uddea <strong>Kullan\u0131m Avantajlar\u0131:<\/strong><\/h4>\n\n\n\n<p>Son \u00fcr\u00fcn standardizasyonuna katk\u0131 sa\u011flar<\/p>\n\n\n\n<p>S\u00fct\u00fcn mikrobiyolojik y\u00fck\u00fcn\u00fc azalt\u0131r<\/p>\n\n\n\n<p>\u00dcr\u00fcn raf \u00f6mr\u00fcn\u00fc uzat\u0131r<\/p>\n\n\n\n<p>Yo\u011furt, ayran ve peynir gibi \u00fcr\u00fcnlerde doku ve lezzet kalitesini art\u0131r\u0131r<\/p>","protected":false},"excerpt":{"rendered":"<p>T<strong>emizleme Separat\u00f6r\u00fc (Klarifikasyon \u00dcnitesi)<\/strong><br \/><strong>S\u00fct\u00fcn\u00fczdeki Mikroskobik Kirlilikleri G\u00fcvenle Ay\u0131r\u0131n<\/strong><br \/><strong>Temizleme Separat\u00f6r\u00fc<\/strong>, s\u00fct\u00fcn i\u00e7erisinde kaba s\u00fczme ile uzakla\u015ft\u0131r\u0131lamayan mikroskobik kirleticilerin ayr\u0131\u015ft\u0131r\u0131lmas\u0131 i\u00e7in geli\u015ftirilmi\u015ftir. Klarifikasyon i\u015flemi sayesinde, somatik h\u00fccreler, kan p\u0131ht\u0131c\u0131klar\u0131, l\u00f6kositler, baz\u0131 mikroorganizmalar, bakterilerce zengin protein topak\u00e7\u0131klar\u0131 ve benzeri kirlilik etmenleri etkin bir \u015fekilde s\u00fctten uzakla\u015ft\u0131r\u0131l\u0131r.<\/p>","protected":false},"featured_media":3044,"template":"","meta":{"_eb_attr":"","_kadence_starter_templates_imported_post":false,"_kad_post_transparent":"","_kad_post_title":"","_kad_post_layout":"","_kad_post_sidebar_id":"","_kad_post_content_style":"","_kad_post_vertical_padding":"","_kad_post_feature":"","_kad_post_feature_position":"","_kad_post_header":false,"_kad_post_footer":false,"_kad_post_classname":""},"product_brand":[822],"product_cat":[231,64,15],"product_tag":[],"class_list":{"0":"post-4695","1":"product","2":"type-product","3":"status-publish","4":"has-post-thumbnail","6":"product_brand-kmlk","7":"product_cat-sut-alim-unitesi","8":"product_cat-sut-proses-makinalari","9":"product_cat-tum-urunler","10":"product_shipping_class-ambar","12":"first","13":"onbackorder","14":"taxable","15":"shipping-taxable","16":"purchasable","17":"product-type-simple","18":"entry","19":"content-bg","20":"loop-entry"},"_links":{"self":[{"href":"https:\/\/www.kimlikmakina.com\/en\/wp-json\/wp\/v2\/product\/4695","targetHints":{"allow":["GET"]}}],"collection":[{"href":"https:\/\/www.kimlikmakina.com\/en\/wp-json\/wp\/v2\/product"}],"about":[{"href":"https:\/\/www.kimlikmakina.com\/en\/wp-json\/wp\/v2\/types\/product"}],"version-history":[{"count":1,"href":"https:\/\/www.kimlikmakina.com\/en\/wp-json\/wp\/v2\/product\/4695\/revisions"}],"predecessor-version":[{"id":6587,"href":"https:\/\/www.kimlikmakina.com\/en\/wp-json\/wp\/v2\/product\/4695\/revisions\/6587"}],"wp:featuredmedia":[{"embeddable":true,"href":"https:\/\/www.kimlikmakina.com\/en\/wp-json\/wp\/v2\/media\/3044"}],"wp:attachment":[{"href":"https:\/\/www.kimlikmakina.com\/en\/wp-json\/wp\/v2\/media?parent=4695"}],"wp:term":[{"taxonomy":"product_brand","embeddable":true,"href":"https:\/\/www.kimlikmakina.com\/en\/wp-json\/wp\/v2\/product_brand?post=4695"},{"taxonomy":"product_cat","embeddable":true,"href":"https:\/\/www.kimlikmakina.com\/en\/wp-json\/wp\/v2\/product_cat?post=4695"},{"taxonomy":"product_tag","embeddable":true,"href":"https:\/\/www.kimlikmakina.com\/en\/wp-json\/wp\/v2\/product_tag?post=4695"}],"curies":[{"name":"wp","href":"https:\/\/api.w.org\/{rel}","templated":true}]}}